{"id":51396,"date":"2025-06-04T22:02:33","date_gmt":"2025-06-04T22:02:33","guid":{"rendered":"https:\/\/mundopicoru.com\/?post_type=product&#038;p=51396"},"modified":"2025-11-21T18:42:33","modified_gmt":"2025-11-21T23:42:33","slug":"cocina-con-despensa","status":"publish","type":"product","link":"https:\/\/mundopicoru.com\/en\/producto\/cocina-con-despensa\/","title":{"rendered":"Cocina con Despensa"},"content":{"rendered":"<p data-start=\"342\" data-end=\"1071\">\u00a0Nuestra cocina Picor\u00fa es nuestro producto estrella, y ahora viene en una versi\u00f3n actualizada con una amplia alacena y espacio de almacenamiento para accesorios, inspirada en la metodolog\u00eda Montessori para promover el desarrollo integral de los ni\u00f1os. Es un juguete que no necesita ser enchufado a un tomacorriente, es decir, no necesita bater\u00edas ni electricidad para funcionar. Queremos inspirar a los m\u00e1s peque\u00f1os a dar rienda suelta a su imaginaci\u00f3n creando deliciosas recetas, girando perillas, girando quemadores para encender el fuego de la tela y abriendo grifos con agua de tela, activados por un mecanismo manual. El fuego no arde, el agua no se moja: todo es un juego simb\u00f3lico y seguro, dise\u00f1ado para estimular al m\u00e1ximo su creatividad.<\/p>\n<p data-start=\"1073\" data-end=\"1594\">\u00a0Con un dise\u00f1o elegante, no es s\u00f3lo un juguete, sino tambi\u00e9n un mueble que juega un papel crucial en la decoraci\u00f3n de tu habitaci\u00f3n. Est\u00e1 hecho a mano por familias de artesanos peruanos utilizando materiales duraderos, procesos tradicionales y materiales ecol\u00f3gicos. Tiene un dise\u00f1o \u00fanico y personalizable. Puedes elegir el color, el material de la puerta (rat\u00e1n tejido a mano o PVC acr\u00edlico) y el dise\u00f1o del vinilo. Hay opciones para todos los gustos. \u00a1Nuestros futuros chefs nos sorprender\u00e1n con los platos m\u00e1s sofisticados!<\/p>\n<p><strong>\u00a0Caracter\u00edsticas principales<\/strong><\/p>\n<ul>\n<li>Tiene un doble prop\u00f3sito: \u00a1es un juguete y un mueble decorativo que inspira!<\/li>\n<li>Hecho a mano por familias de artesanos peruanos.<\/li>\n<li>Inspirado en la metodolog\u00eda Montessori, es un juguete sin enchufes que fomenta la imaginaci\u00f3n y la independencia a trav\u00e9s del juego.<\/li>\n<li>Dise\u00f1o personalizable (Elija color, material de puerta y vinilo).<\/li>\n<li>100% hecho a mano con materiales duraderos y respetuosos con el medio ambiente.<\/li>\n<\/ul>\n<p><strong><span style=\"vertical-align: inherit;\"><span style=\"vertical-align: inherit;\"><span style=\"vertical-align: inherit;\"><span style=\"vertical-align: inherit;\"><span style=\"vertical-align: inherit;\"><span style=\"vertical-align: inherit;\"><span style=\"vertical-align: inherit;\"><span style=\"vertical-align: inherit;\"><span style=\"vertical-align: inherit;\"><span style=\"vertical-align: inherit;\"><span style=\"vertical-align: inherit;\"><span style=\"vertical-align: inherit;\"><span style=\"vertical-align: inherit;\">Materiales:<\/span><\/span><\/span><\/span><\/span><\/span><\/span><\/span><\/span><\/span><\/span><\/span><\/span><\/strong><\/p>\n<p>Nuestras cocinas est\u00e1n fabricadas con materiales duraderos y de primera calidad: madera maciza de pino y cedro, lijadas a mano por familias de artesanos peruanos. Utilizamos pintura brillante de alta calidad y laca ecol\u00f3gica.<\/p>\n<p><strong>Especificaciones del producto<\/strong><\/p>\n<p><span style=\"vertical-align: inherit;\"><span style=\"vertical-align: inherit;\"><span style=\"vertical-align: inherit;\"><span style=\"vertical-align: inherit;\"><span style=\"vertical-align: inherit;\"><span style=\"vertical-align: inherit;\"><span style=\"vertical-align: inherit;\"><span style=\"vertical-align: inherit;\"><span style=\"vertical-align: inherit;\"><span style=\"vertical-align: inherit;\"><span style=\"vertical-align: inherit;\"><span style=\"vertical-align: inherit;\"><span style=\"vertical-align: inherit;\"><b>Edad<\/b>: Ideal de 1 a 9 a\u00f1os.<\/span><\/span><\/span><\/span><\/span><\/span><\/span><\/span><\/span><\/span><\/span><\/span><\/span><\/p>\n<p>Medidas:<\/p>\n<p>Alto con patas: 113 cm<\/p>\n<p>Altura sin patas: 103 cm<\/p>\n<p>Ancho: 75 cm<\/p>\n<p>Profundidad: 31 cm<\/p>\n<p>Altura del mostrador: 58 cm, \u00a1perfecto para los m\u00e1s peque\u00f1os!<\/p>\n","protected":false},"excerpt":{"rendered":"<p>Acerca de nuestra cocina con despensa:<\/p>\n<ul>\n<li><span style=\"vertical-align: inherit;\"><span style=\"vertical-align: inherit;\"><span style=\"vertical-align: inherit;\"><span style=\"vertical-align: inherit;\"><span style=\"vertical-align: inherit;\"><span style=\"vertical-align: inherit;\"><span style=\"vertical-align: inherit;\"><span style=\"vertical-align: inherit;\">\u00a0Cocina con alacena inspirada en la metodolog\u00eda Montessori, sin enchufes.<\/span><\/span><\/span><\/span><\/span><\/span><\/span><\/span><\/li>\n<li><span style=\"vertical-align: inherit;\"><span style=\"vertical-align: inherit;\"><span style=\"vertical-align: inherit;\"><span style=\"vertical-align: inherit;\"><span style=\"vertical-align: inherit;\"><span style=\"vertical-align: inherit;\"><span style=\"vertical-align: inherit;\"><span style=\"vertical-align: inherit;\">INCLUYE fuego de tela (no quema) y agua de tela (no moja).<\/span><\/span><\/span><\/span><\/span><\/span><\/span><\/span><\/li>\n<li><span style=\"vertical-align: inherit;\"><span style=\"vertical-align: inherit;\"><span style=\"vertical-align: inherit;\"><span style=\"vertical-align: inherit;\"><span style=\"vertical-align: inherit;\"><span style=\"vertical-align: inherit;\"><span style=\"vertical-align: inherit;\"><span style=\"vertical-align: inherit;\">100% hecho a mano por familias de artesanos peruanos.<\/span><\/span><\/span><\/span><\/span><\/span><\/span><\/span><\/li>\n<li><span style=\"vertical-align: inherit;\"><span style=\"vertical-align: inherit;\"><span style=\"vertical-align: inherit;\"><span style=\"vertical-align: inherit;\"><span style=\"vertical-align: inherit;\"><span style=\"vertical-align: inherit;\"><span style=\"vertical-align: inherit;\"><span style=\"vertical-align: inherit;\">Es un producto premium creado con materiales duraderos, con un dise\u00f1o \u00fanico y personalizable.<\/span><\/span><\/span><\/span><\/span><\/span><\/span><\/span><\/li>\n<\/ul>\n<p><span style=\"vertical-align: inherit;\"><span style=\"vertical-align: inherit;\"><span style=\"vertical-align: inherit;\"><span style=\"vertical-align: inherit;\"><span style=\"vertical-align: inherit;\"><span style=\"vertical-align: inherit;\"><span style=\"vertical-align: inherit;\"><span style=\"vertical-align: inherit;\">\u00a0A continuaci\u00f3n, podemos dise\u00f1ar la cocina juntos eligiendo el color, el material de la puerta y el vinilo. \u00a0<strong>Una vez que haya seleccionado las tres opciones, aparecer\u00e1 la imagen.<\/strong><\/span><\/span><\/span><\/span><\/span><\/span><\/span><\/span><\/p>\n","protected":false},"featured_media":51421,"comment_status":"open","ping_status":"closed","template":"","meta":[],"product_brand":[],"product_cat":[205,213,215,212],"product_tag":[],"class_list":{"0":"post-51396","1":"product","2":"type-product","3":"status-publish","4":"has-post-thumbnail","6":"product_cat-best-seller-en","7":"product_cat-montessori-toys","8":"product_cat-news","9":"product_cat-toys","12":"first","13":"onbackorder","14":"featured","15":"taxable","16":"shipping-taxable","17":"purchasable","18":"product-type-variable"},"yoast_head":"<!-- This site is optimized with the Yoast SEO plugin v25.9 - https:\/\/yoast.com\/wordpress\/plugins\/seo\/ -->\n<title>Cocina con Despensa<\/title>\n<meta name=\"robots\" content=\"index, follow, max-snippet:-1, max-image-preview:large, max-video-preview:-1\" \/>\n<link rel=\"canonical\" href=\"https:\/\/mundopicoru.com\/en\/producto\/cocina-con-despensa\/\" \/>\n<meta property=\"og:locale\" content=\"en_US\" \/>\n<meta property=\"og:type\" content=\"article\" \/>\n<meta property=\"og:title\" content=\"Cocina con Despensa\" \/>\n<meta property=\"og:description\" content=\"Acerca de nuestra cocina con despensa:   \u00a0Cocina con alacena inspirada en la metodolog\u00eda Montessori, sin enchufes.  INCLUYE fuego de tela (no quema) y agua de tela (no moja).  100% hecho a mano por familias de artesanos peruanos.  Es un producto premium creado con materiales duraderos, con un dise\u00f1o \u00fanico y personalizable.  \u00a0A continuaci\u00f3n, podemos dise\u00f1ar la cocina juntos eligiendo el color, el material de la puerta y el vinilo. \u00a0Una vez que haya seleccionado las tres opciones, aparecer\u00e1 la imagen.\" \/>\n<meta property=\"og:url\" content=\"https:\/\/mundopicoru.com\/en\/producto\/cocina-con-despensa\/\" \/>\n<meta property=\"og:site_name\" content=\"Picor\u00fa\" \/>\n<meta property=\"article:modified_time\" content=\"2025-11-21T23:42:33+00:00\" \/>\n<meta property=\"og:image\" content=\"https:\/\/mundopicoru.com\/wp-content\/uploads\/2025\/06\/IMG002-scaled.jpg\" \/>\n\t<meta property=\"og:image:width\" content=\"2048\" \/>\n\t<meta property=\"og:image:height\" content=\"2560\" \/>\n\t<meta property=\"og:image:type\" content=\"image\/jpeg\" \/>\n<meta name=\"twitter:card\" content=\"summary_large_image\" \/>\n<meta name=\"twitter:label1\" content=\"Est. reading time\" \/>\n\t<meta name=\"twitter:data1\" content=\"2 minutes\" \/>\n<script type=\"application\/ld+json\" class=\"yoast-schema-graph\">{\"@context\":\"https:\/\/schema.org\",\"@graph\":[{\"@type\":\"WebPage\",\"@id\":\"https:\/\/mundopicoru.com\/en\/producto\/cocina-con-despensa\/\",\"url\":\"https:\/\/mundopicoru.com\/en\/producto\/cocina-con-despensa\/\",\"name\":\"Cocina con Despensa\",\"isPartOf\":{\"@id\":\"https:\/\/mundopicoru.com\/en\/#website\"},\"primaryImageOfPage\":{\"@id\":\"https:\/\/mundopicoru.com\/en\/producto\/cocina-con-despensa\/#primaryimage\"},\"image\":{\"@id\":\"https:\/\/mundopicoru.com\/en\/producto\/cocina-con-despensa\/#primaryimage\"},\"thumbnailUrl\":\"https:\/\/mundopicoru.com\/wp-content\/uploads\/2025\/06\/IMG002-scaled.jpg\",\"datePublished\":\"2025-06-04T22:02:33+00:00\",\"dateModified\":\"2025-11-21T23:42:33+00:00\",\"breadcrumb\":{\"@id\":\"https:\/\/mundopicoru.com\/en\/producto\/cocina-con-despensa\/#breadcrumb\"},\"inLanguage\":\"en-US\",\"potentialAction\":[{\"@type\":\"ReadAction\",\"target\":[\"https:\/\/mundopicoru.com\/en\/producto\/cocina-con-despensa\/\"]}]},{\"@type\":\"ImageObject\",\"inLanguage\":\"en-US\",\"@id\":\"https:\/\/mundopicoru.com\/en\/producto\/cocina-con-despensa\/#primaryimage\",\"url\":\"https:\/\/mundopicoru.com\/wp-content\/uploads\/2025\/06\/IMG002-scaled.jpg\",\"contentUrl\":\"https:\/\/mundopicoru.com\/wp-content\/uploads\/2025\/06\/IMG002-scaled.jpg\",\"width\":2048,\"height\":2560},{\"@type\":\"BreadcrumbList\",\"@id\":\"https:\/\/mundopicoru.com\/en\/producto\/cocina-con-despensa\/#breadcrumb\",\"itemListElement\":[{\"@type\":\"ListItem\",\"position\":1,\"name\":\"Home\",\"item\":\"https:\/\/mundopicoru.com\/en\/\"},{\"@type\":\"ListItem\",\"position\":2,\"name\":\"Tienda\",\"item\":\"https:\/\/mundopicoru.com\/tienda\/\"},{\"@type\":\"ListItem\",\"position\":3,\"name\":\"Cocina con Despensa\"}]},{\"@type\":\"WebSite\",\"@id\":\"https:\/\/mundopicoru.com\/en\/#website\",\"url\":\"https:\/\/mundopicoru.com\/en\/\",\"name\":\"Picor\u00fa\",\"description\":\"Jugando creamos un mundo mejor\",\"publisher\":{\"@id\":\"https:\/\/mundopicoru.com\/en\/#organization\"},\"potentialAction\":[{\"@type\":\"SearchAction\",\"target\":{\"@type\":\"EntryPoint\",\"urlTemplate\":\"https:\/\/mundopicoru.com\/en\/?s={search_term_string}\"},\"query-input\":{\"@type\":\"PropertyValueSpecification\",\"valueRequired\":true,\"valueName\":\"search_term_string\"}}],\"inLanguage\":\"en-US\"},{\"@type\":\"Organization\",\"@id\":\"https:\/\/mundopicoru.com\/en\/#organization\",\"name\":\"Picor\u00fa\",\"url\":\"https:\/\/mundopicoru.com\/en\/\",\"logo\":{\"@type\":\"ImageObject\",\"inLanguage\":\"en-US\",\"@id\":\"https:\/\/mundopicoru.com\/en\/#\/schema\/logo\/image\/\",\"url\":\"https:\/\/mundopicoru.com\/wp-content\/uploads\/2023\/04\/Logo_Picoru.png\",\"contentUrl\":\"https:\/\/mundopicoru.com\/wp-content\/uploads\/2023\/04\/Logo_Picoru.png\",\"width\":1000,\"height\":361,\"caption\":\"Picor\u00fa\"},\"image\":{\"@id\":\"https:\/\/mundopicoru.com\/en\/#\/schema\/logo\/image\/\"},\"sameAs\":[\"https:\/\/www.instagram.com\/picoru.oficial\"]}]}<\/script>\n<!-- \/ Yoast SEO plugin. -->","yoast_head_json":{"title":"Cocina con Despensa","robots":{"index":"index","follow":"follow","max-snippet":"max-snippet:-1","max-image-preview":"max-image-preview:large","max-video-preview":"max-video-preview:-1"},"canonical":"https:\/\/mundopicoru.com\/en\/producto\/cocina-con-despensa\/","og_locale":"en_US","og_type":"article","og_title":"Cocina con Despensa","og_description":"Acerca de nuestra cocina con despensa:   \u00a0Cocina con alacena inspirada en la metodolog\u00eda Montessori, sin enchufes.  INCLUYE fuego de tela (no quema) y agua de tela (no moja).  100% hecho a mano por familias de artesanos peruanos.  Es un producto premium creado con materiales duraderos, con un dise\u00f1o \u00fanico y personalizable.  \u00a0A continuaci\u00f3n, podemos dise\u00f1ar la cocina juntos eligiendo el color, el material de la puerta y el vinilo. \u00a0Una vez que haya seleccionado las tres opciones, aparecer\u00e1 la imagen.","og_url":"https:\/\/mundopicoru.com\/en\/producto\/cocina-con-despensa\/","og_site_name":"Picor\u00fa","article_modified_time":"2025-11-21T23:42:33+00:00","og_image":[{"width":2048,"height":2560,"url":"https:\/\/mundopicoru.com\/wp-content\/uploads\/2025\/06\/IMG002-scaled.jpg","type":"image\/jpeg"}],"twitter_card":"summary_large_image","twitter_misc":{"Est. reading time":"2 minutes"},"schema":{"@context":"https:\/\/schema.org","@graph":[{"@type":"WebPage","@id":"https:\/\/mundopicoru.com\/en\/producto\/cocina-con-despensa\/","url":"https:\/\/mundopicoru.com\/en\/producto\/cocina-con-despensa\/","name":"Cocina con Despensa","isPartOf":{"@id":"https:\/\/mundopicoru.com\/en\/#website"},"primaryImageOfPage":{"@id":"https:\/\/mundopicoru.com\/en\/producto\/cocina-con-despensa\/#primaryimage"},"image":{"@id":"https:\/\/mundopicoru.com\/en\/producto\/cocina-con-despensa\/#primaryimage"},"thumbnailUrl":"https:\/\/mundopicoru.com\/wp-content\/uploads\/2025\/06\/IMG002-scaled.jpg","datePublished":"2025-06-04T22:02:33+00:00","dateModified":"2025-11-21T23:42:33+00:00","breadcrumb":{"@id":"https:\/\/mundopicoru.com\/en\/producto\/cocina-con-despensa\/#breadcrumb"},"inLanguage":"en-US","potentialAction":[{"@type":"ReadAction","target":["https:\/\/mundopicoru.com\/en\/producto\/cocina-con-despensa\/"]}]},{"@type":"ImageObject","inLanguage":"en-US","@id":"https:\/\/mundopicoru.com\/en\/producto\/cocina-con-despensa\/#primaryimage","url":"https:\/\/mundopicoru.com\/wp-content\/uploads\/2025\/06\/IMG002-scaled.jpg","contentUrl":"https:\/\/mundopicoru.com\/wp-content\/uploads\/2025\/06\/IMG002-scaled.jpg","width":2048,"height":2560},{"@type":"BreadcrumbList","@id":"https:\/\/mundopicoru.com\/en\/producto\/cocina-con-despensa\/#breadcrumb","itemListElement":[{"@type":"ListItem","position":1,"name":"Home","item":"https:\/\/mundopicoru.com\/en\/"},{"@type":"ListItem","position":2,"name":"Tienda","item":"https:\/\/mundopicoru.com\/tienda\/"},{"@type":"ListItem","position":3,"name":"Cocina con Despensa"}]},{"@type":"WebSite","@id":"https:\/\/mundopicoru.com\/en\/#website","url":"https:\/\/mundopicoru.com\/en\/","name":"Picor\u00fa","description":"Jugando creamos un mundo mejor","publisher":{"@id":"https:\/\/mundopicoru.com\/en\/#organization"},"potentialAction":[{"@type":"SearchAction","target":{"@type":"EntryPoint","urlTemplate":"https:\/\/mundopicoru.com\/en\/?s={search_term_string}"},"query-input":{"@type":"PropertyValueSpecification","valueRequired":true,"valueName":"search_term_string"}}],"inLanguage":"en-US"},{"@type":"Organization","@id":"https:\/\/mundopicoru.com\/en\/#organization","name":"Picor\u00fa","url":"https:\/\/mundopicoru.com\/en\/","logo":{"@type":"ImageObject","inLanguage":"en-US","@id":"https:\/\/mundopicoru.com\/en\/#\/schema\/logo\/image\/","url":"https:\/\/mundopicoru.com\/wp-content\/uploads\/2023\/04\/Logo_Picoru.png","contentUrl":"https:\/\/mundopicoru.com\/wp-content\/uploads\/2023\/04\/Logo_Picoru.png","width":1000,"height":361,"caption":"Picor\u00fa"},"image":{"@id":"https:\/\/mundopicoru.com\/en\/#\/schema\/logo\/image\/"},"sameAs":["https:\/\/www.instagram.com\/picoru.oficial"]}]}},"_links":{"self":[{"href":"https:\/\/mundopicoru.com\/en\/wp-json\/wp\/v2\/product\/51396","targetHints":{"allow":["GET"]}}],"collection":[{"href":"https:\/\/mundopicoru.com\/en\/wp-json\/wp\/v2\/product"}],"about":[{"href":"https:\/\/mundopicoru.com\/en\/wp-json\/wp\/v2\/types\/product"}],"replies":[{"embeddable":true,"href":"https:\/\/mundopicoru.com\/en\/wp-json\/wp\/v2\/comments?post=51396"}],"wp:featuredmedia":[{"embeddable":true,"href":"https:\/\/mundopicoru.com\/en\/wp-json\/wp\/v2\/media\/51421"}],"wp:attachment":[{"href":"https:\/\/mundopicoru.com\/en\/wp-json\/wp\/v2\/media?parent=51396"}],"wp:term":[{"taxonomy":"product_brand","embeddable":true,"href":"https:\/\/mundopicoru.com\/en\/wp-json\/wp\/v2\/product_brand?post=51396"},{"taxonomy":"product_cat","embeddable":true,"href":"https:\/\/mundopicoru.com\/en\/wp-json\/wp\/v2\/product_cat?post=51396"},{"taxonomy":"product_tag","embeddable":true,"href":"https:\/\/mundopicoru.com\/en\/wp-json\/wp\/v2\/product_tag?post=51396"}],"curies":[{"name":"wp","href":"https:\/\/api.w.org\/{rel}","templated":true}]}}